{"id":5580,"date":"2021-11-18T12:10:17","date_gmt":"2021-11-18T11:10:17","guid":{"rendered":"https:\/\/vulcanolindenhof.de\/request\/"},"modified":"2022-05-20T13:07:20","modified_gmt":"2022-05-20T11:07:20","slug":"request","status":"publish","type":"page","link":"https:\/\/vulcanolindenhof.de\/en\/request\/","title":{"rendered":"REQUEST"},"content":{"rendered":"<p><div class=\"fusion-fullwidth fullwidth-box fusion-builder-row-1 fusion-flex-container fusion-parallax-none nonhundred-percent-fullwidth non-hundred-percent-height-scrolling\" style=\"--awb-border-radius-top-left:0px;--awb-border-radius-top-right:0px;--awb-border-radius-bottom-right:0px;--awb-border-radius-bottom-left:0px;--awb-padding-bottom:400px;--awb-margin-bottom:100px;--awb-background-image:url(&quot;https:\/\/vulcanolindenhof.de\/wp-content\/uploads\/2021\/10\/DJI_0565_print-scaled.jpg&quot;);--awb-background-size:cover;--awb-flex-wrap:wrap;\" ><div class=\"fusion-builder-row fusion-row fusion-flex-align-items-flex-start fusion-flex-content-wrap\" style=\"max-width:1248px;margin-left: calc(-4% \/ 2 );margin-right: calc(-4% \/ 2 );\"><div class=\"fusion-layout-column fusion_builder_column fusion-builder-column-0 fusion_builder_column_1_1 1_1 fusion-flex-column\" style=\"--awb-bg-size:cover;--awb-width-large:100%;--awb-margin-top-large:0px;--awb-spacing-right-large:1.92%;--awb-margin-bottom-large:20px;--awb-spacing-left-large:1.92%;--awb-width-medium:100%;--awb-order-medium:0;--awb-spacing-right-medium:1.92%;--awb-spacing-left-medium:1.92%;--awb-width-small:100%;--awb-order-small:0;--awb-spacing-right-small:1.92%;--awb-spacing-left-small:1.92%;\"><div class=\"fusion-column-wrapper fusion-column-has-shadow fusion-flex-justify-content-flex-start fusion-content-layout-column\"><\/div><\/div><\/div><\/div><div class=\"fusion-fullwidth fullwidth-box fusion-builder-row-2 fusion-flex-container nonhundred-percent-fullwidth non-hundred-percent-height-scrolling\" style=\"--awb-border-radius-top-left:0px;--awb-border-radius-top-right:0px;--awb-border-radius-bottom-right:0px;--awb-border-radius-bottom-left:0px;--awb-margin-bottom:36px;--awb-flex-wrap:wrap;\" ><div class=\"fusion-builder-row fusion-row fusion-flex-align-items-flex-start fusion-flex-content-wrap\" style=\"max-width:1248px;margin-left: calc(-4% \/ 2 );margin-right: calc(-4% \/ 2 );\"><div class=\"fusion-layout-column fusion_builder_column fusion-builder-column-1 fusion_builder_column_1_1 1_1 fusion-flex-column\" style=\"--awb-bg-size:cover;--awb-width-large:100%;--awb-margin-top-large:0px;--awb-spacing-right-large:1.92%;--awb-margin-bottom-large:20px;--awb-spacing-left-large:1.92%;--awb-width-medium:100%;--awb-order-medium:0;--awb-spacing-right-medium:1.92%;--awb-spacing-left-medium:1.92%;--awb-width-small:100%;--awb-order-small:0;--awb-spacing-right-small:1.92%;--awb-spacing-left-small:1.92%;\"><div class=\"fusion-column-wrapper fusion-column-has-shadow fusion-flex-justify-content-flex-start fusion-content-layout-column\"><div class=\"fusion-text fusion-text-1\" style=\"--awb-text-transform:none;\"><h2 style=\"text-align: center;\">REQUEST<\/h2>\n<\/div><div class=\"fusion-separator\" style=\"align-self: center;margin-left: auto;margin-right: auto;width:100%;max-width:50px;\"><div class=\"fusion-separator-border sep-single sep-solid\" style=\"--awb-height:20px;--awb-amount:20px;--awb-sep-color:#a23542;border-color:#a23542;border-top-width:1px;\"><\/div><\/div><\/div><\/div><\/div><\/div><div class=\"fusion-fullwidth fullwidth-box fusion-builder-row-3 fusion-flex-container nonhundred-percent-fullwidth non-hundred-percent-height-scrolling\" style=\"--awb-border-radius-top-left:0px;--awb-border-radius-top-right:0px;--awb-border-radius-bottom-right:0px;--awb-border-radius-bottom-left:0px;--awb-flex-wrap:wrap;\" ><div class=\"fusion-builder-row fusion-row fusion-flex-align-items-flex-start fusion-flex-content-wrap\" style=\"max-width:1248px;margin-left: calc(-4% \/ 2 );margin-right: calc(-4% \/ 2 );\"><div class=\"fusion-layout-column fusion_builder_column fusion-builder-column-2 fusion_builder_column_1_2 1_2 fusion-flex-column\" style=\"--awb-bg-size:cover;--awb-width-large:50%;--awb-margin-top-large:0px;--awb-spacing-right-large:3.84%;--awb-margin-bottom-large:20px;--awb-spacing-left-large:3.84%;--awb-width-medium:50%;--awb-order-medium:0;--awb-spacing-right-medium:3.84%;--awb-spacing-left-medium:3.84%;--awb-width-small:50%;--awb-order-small:0;--awb-spacing-right-small:3.84%;--awb-spacing-left-small:3.84%;\"><div class=\"fusion-column-wrapper fusion-column-has-shadow fusion-flex-justify-content-flex-start fusion-content-layout-column\">\n<div class=\"wpcf7 no-js\" id=\"wpcf7-f3566-o1\" lang=\"de-DE\" dir=\"ltr\" data-wpcf7-id=\"3566\">\n<div class=\"screen-reader-response\"><p role=\"status\" aria-live=\"polite\" aria-atomic=\"true\"><\/p> <ul><\/ul><\/div>\n<form action=\"\/en\/wp-json\/wp\/v2\/pages\/5580#wpcf7-f3566-o1\" method=\"post\" class=\"wpcf7-form init\" aria-label=\"Kontaktformular\" novalidate=\"novalidate\" data-status=\"init\">\n<fieldset class=\"hidden-fields-container\"><input type=\"hidden\" name=\"_wpcf7\" value=\"3566\" \/><input type=\"hidden\" name=\"_wpcf7_version\" value=\"6.1.5\" \/><input type=\"hidden\" name=\"_wpcf7_locale\" value=\"de_DE\" \/><input type=\"hidden\" name=\"_wpcf7_unit_tag\" value=\"wpcf7-f3566-o1\" \/><input type=\"hidden\" name=\"_wpcf7_container_post\" value=\"0\" \/><input type=\"hidden\" name=\"_wpcf7_posted_data_hash\" value=\"\" \/>\n<\/fieldset>\n<h4>Reisedaten\n<\/h4>\n<div class=\"block flex flex--top\">\n\t<p><label> Anreise<br \/>\n<span class=\"wpcf7-form-control-wrap\" data-name=\"anreise\"><input class=\"wpcf7-form-control wpcf7-date wpcf7-validates-as-required wpcf7-validates-as-date\" aria-required=\"true\" aria-invalid=\"false\" placeholder=\"anreise\" value=\"\" type=\"date\" name=\"anreise\" \/><\/span><\/label><br \/>\n<label> Abreise<br \/>\n<span class=\"wpcf7-form-control-wrap\" data-name=\"abreise\"><input class=\"wpcf7-form-control wpcf7-date wpcf7-validates-as-required wpcf7-validates-as-date\" aria-required=\"true\" aria-invalid=\"false\" placeholder=\"abreise\" value=\"\" type=\"date\" name=\"abreise\" \/><\/span><\/label>\n\t<\/p>\n<\/div>\n<div class=\"block flex flex--top\">\n\t<p><label class=\"label--erwachsene\"> Erwachsene<br \/>\n<span class=\"wpcf7-form-control-wrap\" data-name=\"erw\"><select class=\"wpcf7-form-control wpcf7-select wpcf7-validates-as-required\" aria-required=\"true\" aria-invalid=\"false\" name=\"erw\"><option value=\"\">&#8211; Bitte ausw\u00e4hlen &#8211;<\/option><option value=\"1 Erwachsener\">1 Erwachsener<\/option><option value=\"2 Erwachsene\">2 Erwachsene<\/option><option value=\"3 Erwachsene\">3 Erwachsene<\/option><option value=\"4 Erwachsene\">4 Erwachsene<\/option><option value=\"5 Erwachsene\">5 Erwachsene<\/option><option value=\"6 Erwachsene\">6 Erwachsene<\/option><option value=\"7 Erwachsene\">7 Erwachsene<\/option><option value=\"8 Erwachsene\">8 Erwachsene<\/option><option value=\"9 Erwachsene\">9 Erwachsene<\/option><option value=\"10 Erwachsene\">10 Erwachsene<\/option><\/select><\/span><\/label><br \/>\n<label class=\"label--kinder\"> Kinder<br \/>\n<span class=\"wpcf7-form-control-wrap\" data-name=\"kind\"><select class=\"wpcf7-form-control wpcf7-select wpcf7-validates-as-required\" aria-required=\"true\" aria-invalid=\"false\" name=\"kind\"><option value=\"\">&#8211; Bitte ausw\u00e4hlen &#8211;<\/option><option value=\"1 Kind\">1 Kind<\/option><option value=\"2 Kinder\">2 Kinder<\/option><option value=\"3 Kinder\">3 Kinder<\/option><option value=\"4 Kinder\">4 Kinder<\/option><option value=\"5 Kinder\">5 Kinder<\/option><option value=\"6 Kinder\">6 Kinder<\/option><option value=\"7 Kinder\">7 Kinder<\/option><option value=\"8 Kinder\">8 Kinder<\/option><option value=\"9 Kinder\">9 Kinder<\/option><option value=\"10 Kinder\">10 Kinder<\/option><\/select><\/span><\/label>\n\t<\/p>\n<\/div>\n<h4>Pers\u00f6nliche Angaben\n<\/h4>\n<p><label class=\"label--anrede\"> Anrede<br \/>\n<span class=\"wpcf7-form-control-wrap\" data-name=\"anrede\"><select class=\"wpcf7-form-control wpcf7-select wpcf7-validates-as-required\" aria-required=\"true\" aria-invalid=\"false\" name=\"anrede\"><option value=\"\">&#8211; Bitte ausw\u00e4hlen &#8211;<\/option><option value=\"Frau\">Frau<\/option><option value=\"Herr\">Herr<\/option><option value=\"Familie\">Familie<\/option><\/select><\/span><\/label>\n<\/p>\n<p><label> Vorname<br \/>\n<span class=\"wpcf7-form-control-wrap\" data-name=\"vorname\"><input size=\"40\" maxlength=\"400\" class=\"wpcf7-form-control wpcf7-text wpcf7-validates-as-required\" aria-required=\"true\" aria-invalid=\"false\" value=\"\" type=\"text\" name=\"vorname\" \/><\/span> <\/label><br \/>\n<label> Nachname<br \/>\n<span class=\"wpcf7-form-control-wrap\" data-name=\"nachname\"><input size=\"40\" maxlength=\"400\" class=\"wpcf7-form-control wpcf7-text wpcf7-validates-as-required\" aria-required=\"true\" aria-invalid=\"false\" value=\"\" type=\"text\" name=\"nachname\" \/><\/span> <\/label>\n<\/p>\n<p><label> E-Mail Adresse<br \/>\n<span class=\"wpcf7-form-control-wrap\" data-name=\"email\"><input size=\"40\" maxlength=\"400\" class=\"wpcf7-form-control wpcf7-email wpcf7-validates-as-required wpcf7-text wpcf7-validates-as-email\" aria-required=\"true\" aria-invalid=\"false\" value=\"\" type=\"email\" name=\"email\" \/><\/span> <\/label>\n<\/p>\n<h4>Anschrift\n<\/h4>\n<p><label class=\"label--strasse\"> Stra\u00dfe<br \/>\n<span class=\"wpcf7-form-control-wrap\" data-name=\"strasse\"><input size=\"40\" maxlength=\"400\" class=\"wpcf7-form-control wpcf7-text\" aria-invalid=\"false\" value=\"\" type=\"text\" name=\"strasse\" \/><\/span> <\/label><br \/>\n<label class=\"label--hausnummer\"> Hausnummer<br \/>\n<span class=\"wpcf7-form-control-wrap\" data-name=\"hausnummer\"><input size=\"40\" maxlength=\"400\" class=\"wpcf7-form-control wpcf7-text\" aria-invalid=\"false\" value=\"\" type=\"text\" name=\"hausnummer\" \/><\/span> <\/label>\n<\/p>\n<p><label class=\"label--plz\"> PLZ<br \/>\n<span class=\"wpcf7-form-control-wrap\" data-name=\"plz\"><input size=\"40\" maxlength=\"400\" class=\"wpcf7-form-control wpcf7-text\" aria-invalid=\"false\" value=\"\" type=\"text\" name=\"plz\" \/><\/span><\/label><br \/>\n<label class=\"label--ort\"> Ort<br \/>\n<span class=\"wpcf7-form-control-wrap\" data-name=\"ort\"><input size=\"40\" maxlength=\"400\" class=\"wpcf7-form-control wpcf7-text\" aria-invalid=\"false\" value=\"\" type=\"text\" name=\"ort\" \/><\/span> <\/label>\n<\/p>\n<h4>W\u00fcnsche\n<\/h4>\n<p><label> Mitteilungen<br \/>\n<span class=\"wpcf7-form-control-wrap\" data-name=\"wuensche\"><textarea cols=\"40\" rows=\"10\" maxlength=\"2000\" class=\"wpcf7-form-control wpcf7-textarea\" aria-invalid=\"false\" name=\"wuensche\"><\/textarea><\/span> <\/label>\n<\/p>\n<p><span class=\"wpcf7-form-control-wrap\" data-name=\"nl-anmeldung\"><span class=\"wpcf7-form-control wpcf7-acceptance optional\"><span class=\"wpcf7-list-item\"><label><input type=\"checkbox\" name=\"nl-anmeldung\" value=\"1\" aria-invalid=\"false\" \/><span class=\"wpcf7-list-item-label\">Ich bin an regelm\u00e4\u00dfigen Mitteilungen \u00fcber Angebote und Neuigkeiten interessiert.<\/span><\/label><\/span><\/span><\/span>\n<\/p>\n<p>Datenschutz: Wir verarbeiten Ihre Daten ausschlie\u00dflich zur Bearbeitung Ihrer Anfrage oder Ihres Auftrags. Weitere Informationen zum Umgang mit personenbezogenen Daten finden Sie in unserer <a href=\"..\/datenschutzerklaerung\/\" target=\"_blank\">Datenschutzerkl\u00e4rung<\/a>.\n<\/p>\n<p><input class=\"wpcf7-form-control wpcf7-submit has-spinner\" type=\"submit\" value=\"Anfragen\" \/>\n<\/p><input type='hidden' class='wpcf7-pum' value='{\"closepopup\":false,\"closedelay\":0,\"openpopup\":false,\"openpopup_id\":0}' \/><div class=\"fusion-alert alert custom alert-custom fusion-alert-center wpcf7-response-output awb-alert-native-link-color alert-dismissable awb-alert-close-boxed\" style=\"--awb-border-size:1px;--awb-border-top-left-radius:0px;--awb-border-top-right-radius:0px;--awb-border-bottom-left-radius:0px;--awb-border-bottom-right-radius:0px;\" role=\"alert\"><div class=\"fusion-alert-content-wrapper\"><span class=\"fusion-alert-content\"><\/span><\/div><button type=\"button\" class=\"close toggle-alert\" data-dismiss=\"alert\" aria-label=\"Close\">&times;<\/button><\/div>\n<\/form>\n<\/div>\n<\/div><\/div><\/div><\/div><\/p>\n","protected":false},"excerpt":{"rendered":"","protected":false},"author":1,"featured_media":0,"parent":0,"menu_order":0,"comment_status":"closed","ping_status":"closed","template":"100-width.php","meta":{"footnotes":""},"class_list":["post-5580","page","type-page","status-publish","hentry"],"yoast_head":"<!-- This site is optimized with the Yoast SEO plugin v27.5 - https:\/\/yoast.com\/product\/yoast-seo-wordpress\/ -->\n<title>REQUEST - Vulcano Lindenhof | Wittlich<\/title>\n<meta name=\"robots\" content=\"index, follow, max-snippet:-1, max-image-preview:large, max-video-preview:-1\" \/>\n<link rel=\"canonical\" href=\"https:\/\/vulcanolindenhof.de\/en\/request\/\" \/>\n<meta property=\"og:locale\" content=\"en_US\" \/>\n<meta property=\"og:type\" content=\"article\" \/>\n<meta property=\"og:title\" content=\"REQUEST - Vulcano Lindenhof | Wittlich\" \/>\n<meta property=\"og:url\" content=\"https:\/\/vulcanolindenhof.de\/en\/request\/\" \/>\n<meta property=\"og:site_name\" content=\"Vulcano Lindenhof | Wittlich\" \/>\n<meta property=\"article:modified_time\" content=\"2022-05-20T11:07:20+00:00\" \/>\n<meta name=\"twitter:card\" content=\"summary_large_image\" \/>\n<meta name=\"twitter:label1\" content=\"Est. reading time\" \/>\n\t<meta name=\"twitter:data1\" content=\"5 minutes\" \/>\n<script type=\"application\/ld+json\" class=\"yoast-schema-graph\">{\"@context\":\"https:\\\/\\\/schema.org\",\"@graph\":[{\"@type\":\"WebPage\",\"@id\":\"https:\\\/\\\/vulcanolindenhof.de\\\/en\\\/request\\\/\",\"url\":\"https:\\\/\\\/vulcanolindenhof.de\\\/en\\\/request\\\/\",\"name\":\"REQUEST - Vulcano Lindenhof | Wittlich\",\"isPartOf\":{\"@id\":\"https:\\\/\\\/vulcanolindenhof.de\\\/#website\"},\"datePublished\":\"2021-11-18T11:10:17+00:00\",\"dateModified\":\"2022-05-20T11:07:20+00:00\",\"breadcrumb\":{\"@id\":\"https:\\\/\\\/vulcanolindenhof.de\\\/en\\\/request\\\/#breadcrumb\"},\"inLanguage\":\"en-US\",\"potentialAction\":[{\"@type\":\"ReadAction\",\"target\":[\"https:\\\/\\\/vulcanolindenhof.de\\\/en\\\/request\\\/\"]}]},{\"@type\":\"BreadcrumbList\",\"@id\":\"https:\\\/\\\/vulcanolindenhof.de\\\/en\\\/request\\\/#breadcrumb\",\"itemListElement\":[{\"@type\":\"ListItem\",\"position\":1,\"name\":\"Startseite\",\"item\":\"https:\\\/\\\/vulcanolindenhof.de\\\/en\\\/homepage\\\/\"},{\"@type\":\"ListItem\",\"position\":2,\"name\":\"REQUEST\"}]},{\"@type\":\"WebSite\",\"@id\":\"https:\\\/\\\/vulcanolindenhof.de\\\/#website\",\"url\":\"https:\\\/\\\/vulcanolindenhof.de\\\/\",\"name\":\"Vulcano Lindenhof | Wittlich\",\"description\":\"Gesundheit \\\/ Wellness \\\/ Wohlbefinden\",\"potentialAction\":[{\"@type\":\"SearchAction\",\"target\":{\"@type\":\"EntryPoint\",\"urlTemplate\":\"https:\\\/\\\/vulcanolindenhof.de\\\/?s={search_term_string}\"},\"query-input\":{\"@type\":\"PropertyValueSpecification\",\"valueRequired\":true,\"valueName\":\"search_term_string\"}}],\"inLanguage\":\"en-US\"}]}<\/script>\n<!-- \/ Yoast SEO plugin. -->","yoast_head_json":{"title":"REQUEST - Vulcano Lindenhof | Wittlich","robots":{"index":"index","follow":"follow","max-snippet":"max-snippet:-1","max-image-preview":"max-image-preview:large","max-video-preview":"max-video-preview:-1"},"canonical":"https:\/\/vulcanolindenhof.de\/en\/request\/","og_locale":"en_US","og_type":"article","og_title":"REQUEST - Vulcano Lindenhof | Wittlich","og_url":"https:\/\/vulcanolindenhof.de\/en\/request\/","og_site_name":"Vulcano Lindenhof | Wittlich","article_modified_time":"2022-05-20T11:07:20+00:00","twitter_card":"summary_large_image","twitter_misc":{"Est. reading time":"5 minutes"},"schema":{"@context":"https:\/\/schema.org","@graph":[{"@type":"WebPage","@id":"https:\/\/vulcanolindenhof.de\/en\/request\/","url":"https:\/\/vulcanolindenhof.de\/en\/request\/","name":"REQUEST - Vulcano Lindenhof | Wittlich","isPartOf":{"@id":"https:\/\/vulcanolindenhof.de\/#website"},"datePublished":"2021-11-18T11:10:17+00:00","dateModified":"2022-05-20T11:07:20+00:00","breadcrumb":{"@id":"https:\/\/vulcanolindenhof.de\/en\/request\/#breadcrumb"},"inLanguage":"en-US","potentialAction":[{"@type":"ReadAction","target":["https:\/\/vulcanolindenhof.de\/en\/request\/"]}]},{"@type":"BreadcrumbList","@id":"https:\/\/vulcanolindenhof.de\/en\/request\/#breadcrumb","itemListElement":[{"@type":"ListItem","position":1,"name":"Startseite","item":"https:\/\/vulcanolindenhof.de\/en\/homepage\/"},{"@type":"ListItem","position":2,"name":"REQUEST"}]},{"@type":"WebSite","@id":"https:\/\/vulcanolindenhof.de\/#website","url":"https:\/\/vulcanolindenhof.de\/","name":"Vulcano Lindenhof | Wittlich","description":"Gesundheit \/ Wellness \/ Wohlbefinden","potentialAction":[{"@type":"SearchAction","target":{"@type":"EntryPoint","urlTemplate":"https:\/\/vulcanolindenhof.de\/?s={search_term_string}"},"query-input":{"@type":"PropertyValueSpecification","valueRequired":true,"valueName":"search_term_string"}}],"inLanguage":"en-US"}]}},"_links":{"self":[{"href":"https:\/\/vulcanolindenhof.de\/en\/wp-json\/wp\/v2\/pages\/5580","targetHints":{"allow":["GET"]}}],"collection":[{"href":"https:\/\/vulcanolindenhof.de\/en\/wp-json\/wp\/v2\/pages"}],"about":[{"href":"https:\/\/vulcanolindenhof.de\/en\/wp-json\/wp\/v2\/types\/page"}],"author":[{"embeddable":true,"href":"https:\/\/vulcanolindenhof.de\/en\/wp-json\/wp\/v2\/users\/1"}],"replies":[{"embeddable":true,"href":"https:\/\/vulcanolindenhof.de\/en\/wp-json\/wp\/v2\/comments?post=5580"}],"version-history":[{"count":0,"href":"https:\/\/vulcanolindenhof.de\/en\/wp-json\/wp\/v2\/pages\/5580\/revisions"}],"wp:attachment":[{"href":"https:\/\/vulcanolindenhof.de\/en\/wp-json\/wp\/v2\/media?parent=5580"}],"curies":[{"name":"wp","href":"https:\/\/api.w.org\/{rel}","templated":true}]}}